{"id":425,"date":"2020-10-01T19:28:14","date_gmt":"2020-10-01T17:28:14","guid":{"rendered":"http:\/\/wptf.themepul.com\/devity\/?page_id=425"},"modified":"2021-12-01T23:05:43","modified_gmt":"2021-12-01T21:05:43","slug":"a-propos","status":"publish","type":"page","link":"https:\/\/www.syordlink.com\/?page_id=425","title":{"rendered":"A propos"},"content":{"rendered":"\t\t<div data-elementor-type=\"wp-page\" data-elementor-id=\"425\" class=\"elementor elementor-425\" data-elementor-settings=\"[]\">\n\t\t\t\t\t\t\t<div class=\"elementor-section-wrap\">\n\t\t\t\t\t\t\t<section class=\"elementor-section elementor-top-section elementor-element elementor-element-6b7a6c2 elementor-section-boxed elementor-section-height-default elementor-section-height-default\" data-id=\"6b7a6c2\" data-element_type=\"section\">\n\t\t\t\t\t\t<div class=\"elementor-container elementor-column-gap-extended\">\n\t\t\t\t\t<div class=\"elementor-column elementor-col-50 elementor-top-column elementor-element elementor-element-d602d3f\" data-id=\"d602d3f\" data-element_type=\"column\">\n\t\t\t<div class=\"elementor-widget-wrap elementor-element-populated\">\n\t\t\t\t\t\t\t\t<div class=\"elementor-element elementor-element-ff96d88 elementor-widget elementor-widget-image\" data-id=\"ff96d88\" data-element_type=\"widget\" data-widget_type=\"image.default\">\n\t\t\t\t<div class=\"elementor-widget-container\">\n\t\t\t<style>\/*! elementor - v3.5.6 - 28-02-2022 *\/\n.elementor-widget-image{text-align:center}.elementor-widget-image a{display:inline-block}.elementor-widget-image a img[src$=\".svg\"]{width:48px}.elementor-widget-image img{vertical-align:middle;display:inline-block}<\/style>\t\t\t\t\t\t\t\t\t\t\t\t<img loading=\"lazy\" decoding=\"async\" width=\"750\" height=\"750\" src=\"https:\/\/www.syordlink.com\/wp-content\/uploads\/2020\/09\/about2.png\" class=\"elementor-animation-bob attachment-full size-full\" alt=\"\" srcset=\"https:\/\/www.syordlink.com\/wp-content\/uploads\/2020\/09\/about2.png 750w, https:\/\/www.syordlink.com\/wp-content\/uploads\/2020\/09\/about2-300x300.png 300w, https:\/\/www.syordlink.com\/wp-content\/uploads\/2020\/09\/about2-150x150.png 150w\" sizes=\"auto, (max-width: 750px) 100vw, 750px\" \/>\t\t\t\t\t\t\t\t\t\t\t\t\t\t\t<\/div>\n\t\t\t\t<\/div>\n\t\t\t\t<div class=\"elementor-element elementor-element-a2174d1 elementor-widget elementor-widget-devity-icon-layer\" data-id=\"a2174d1\" data-element_type=\"widget\" data-widget_type=\"devity-icon-layer.default\">\n\t\t\t\t<div class=\"elementor-widget-container\">\n\t\t\t\t\t<div class=\"icon-layer-section\">\r\n\t\t\t<div class=\"icon-layer devity-rotateme\">\r\n\t\t\t\t<div class=\"icon-layer-inner\">\r\n\t\t\t\t\t<img loading=\"lazy\" decoding=\"async\" width=\"244\" height=\"235\" src=\"https:\/\/www.syordlink.com\/wp-content\/uploads\/2020\/10\/roundbg.png\" class=\"attachment-full size-full\" alt=\"\" \/>\t\t\t\t<\/div>\r\n\t\t\t<\/div>\r\n\t\t<\/div>\r\n\t\t\t\t<\/div>\n\t\t\t\t<\/div>\n\t\t\t\t\t<\/div>\n\t\t<\/div>\n\t\t\t\t<div class=\"elementor-column elementor-col-50 elementor-top-column elementor-element elementor-element-c04ce73\" data-id=\"c04ce73\" data-element_type=\"column\">\n\t\t\t<div class=\"elementor-widget-wrap elementor-element-populated\">\n\t\t\t\t\t\t\t\t<div class=\"elementor-element elementor-element-a331775 elementor-widget elementor-widget-text-editor\" data-id=\"a331775\" data-element_type=\"widget\" data-widget_type=\"text-editor.default\">\n\t\t\t\t<div class=\"elementor-widget-container\">\n\t\t\t<style>\/*! elementor - v3.5.6 - 28-02-2022 *\/\n.elementor-widget-text-editor.elementor-drop-cap-view-stacked .elementor-drop-cap{background-color:#818a91;color:#fff}.elementor-widget-text-editor.elementor-drop-cap-view-framed .elementor-drop-cap{color:#818a91;border:3px solid;background-color:transparent}.elementor-widget-text-editor:not(.elementor-drop-cap-view-default) .elementor-drop-cap{margin-top:8px}.elementor-widget-text-editor:not(.elementor-drop-cap-view-default) .elementor-drop-cap-letter{width:1em;height:1em}.elementor-widget-text-editor .elementor-drop-cap{float:left;text-align:center;line-height:1;font-size:50px}.elementor-widget-text-editor .elementor-drop-cap-letter{display:inline-block}<\/style>\t\t\t\t<p><strong>Nous avons plus de 25 ans d&rsquo;exp\u00e9rience en Informatique &amp; T\u00e9l\u00e9coms &#8211;\u00a0\u00a0<span style=\"color: #0045ff;\">IT solutions.<\/span><\/strong><\/p>\t\t\t\t\t\t<\/div>\n\t\t\t\t<\/div>\n\t\t\t\t<div class=\"elementor-element elementor-element-971f27f elementor-widget elementor-widget-text-editor\" data-id=\"971f27f\" data-element_type=\"widget\" data-widget_type=\"text-editor.default\">\n\t\t\t\t<div class=\"elementor-widget-container\">\n\t\t\t\t\t\t\t<blockquote><p>Restez focalis\u00e9s sur v\u00f4tre m\u00e9tier, nos Experts Infrastructure et Syst\u00e8mes faciliteront v\u00f4tre Informatique.<\/p><\/blockquote>\t\t\t\t\t\t<\/div>\n\t\t\t\t<\/div>\n\t\t\t\t<div class=\"elementor-element elementor-element-3fa3f81 elementor-widget elementor-widget-elementskit-button\" data-id=\"3fa3f81\" data-element_type=\"widget\" data-widget_type=\"elementskit-button.default\">\n\t\t\t\t<div class=\"elementor-widget-container\">\n\t\t\t<div class=\"ekit-wid-con\" >\t\t<div class=\"ekit-btn-wraper\">\n\t\t\t\t\t\t\t<a href=\"#\" class=\"elementskit-btn  whitespace--normal\" >\n\t\t\t\t\t\n\t\t\t\t\t\n\t\t\t\t\tMore Details\t\t\t\t<\/a>\n\t\t\t\t\t\t<\/div>\n        <\/div>\t\t<\/div>\n\t\t\t\t<\/div>\n\t\t\t\t\t<\/div>\n\t\t<\/div>\n\t\t\t\t\t\t\t<\/div>\n\t\t<\/section>\n\t\t\t\t<section class=\"elementor-section elementor-top-section elementor-element elementor-element-ec15742 elementor-section-boxed elementor-section-height-default elementor-section-height-default\" data-id=\"ec15742\" data-element_type=\"section\" data-settings=\"{&quot;background_background&quot;:&quot;classic&quot;}\">\n\t\t\t\t\t\t<div class=\"elementor-container elementor-column-gap-default\">\n\t\t\t\t\t<div class=\"elementor-column elementor-col-100 elementor-top-column elementor-element elementor-element-88b419a\" data-id=\"88b419a\" data-element_type=\"column\">\n\t\t\t<div class=\"elementor-widget-wrap elementor-element-populated\">\n\t\t\t\t\t\t\t\t<section class=\"elementor-section elementor-inner-section elementor-element elementor-element-25a48e8 elementor-section-boxed elementor-section-height-default elementor-section-height-default\" data-id=\"25a48e8\" data-element_type=\"section\">\n\t\t\t\t\t\t<div class=\"elementor-container elementor-column-gap-default\">\n\t\t\t\t\t<div class=\"elementor-column elementor-col-100 elementor-inner-column elementor-element elementor-element-6cdcbb8\" data-id=\"6cdcbb8\" data-element_type=\"column\">\n\t\t\t<div class=\"elementor-widget-wrap elementor-element-populated\">\n\t\t\t\t\t\t\t\t<div class=\"elementor-element elementor-element-5dc2842 elementor-widget elementor-widget-devity-title\" data-id=\"5dc2842\" data-element_type=\"widget\" data-widget_type=\"devity-title.default\">\n\t\t\t\t<div class=\"elementor-widget-container\">\n\t\t\t\t\t<div class=\"devity-title-box\">\r\n\t\t\t\t\t\t<div class=\"devity-title-inner\">\r\n\t\t\t\t<h4>Service<\/h4>\r\n\t\t\t\t<h2>our Service<\/h2>\r\n\t\t\t\t\t\t\t<\/div>\r\n\t\t<\/div>\r\n\t\t\t\t<\/div>\n\t\t\t\t<\/div>\n\t\t\t\t\t<\/div>\n\t\t<\/div>\n\t\t\t\t\t\t\t<\/div>\n\t\t<\/section>\n\t\t\t\t<section class=\"elementor-section elementor-inner-section elementor-element elementor-element-695614b elementor-section-boxed elementor-section-height-default elementor-section-height-default\" data-id=\"695614b\" data-element_type=\"section\">\n\t\t\t\t\t\t<div class=\"elementor-container elementor-column-gap-extended\">\n\t\t\t\t\t<div class=\"elementor-column elementor-col-33 elementor-inner-column elementor-element elementor-element-23315c2\" data-id=\"23315c2\" data-element_type=\"column\">\n\t\t\t<div class=\"elementor-widget-wrap elementor-element-populated\">\n\t\t\t\t\t\t\t\t<div class=\"elementor-element elementor-element-7cbaca6 ekit-equal-height-disable elementor-widget elementor-widget-elementskit-icon-box\" data-id=\"7cbaca6\" data-element_type=\"widget\" data-widget_type=\"elementskit-icon-box.default\">\n\t\t\t\t<div class=\"elementor-widget-container\">\n\t\t\t<div class=\"ekit-wid-con\" >        <!-- link opening -->\n                <!-- end link opening -->\n\n        <div class=\"elementskit-infobox text-center text- icon-top-align elementor-animation-   \">\n                    <div class=\"elementskit-box-header elementor-animation-\">\n                <div class=\"elementskit-info-box-icon  \">\n                    <i aria-hidden=\"true\" class=\"elementkit-infobox-icon icon icon-drilling\"><\/i>\n                <\/div>\n          <\/div>\n                        <div class=\"box-body\">\n                            <h3 class=\"elementskit-info-box-title\">\n                    Advance Service                <\/h3>\n                        \t\t  <p>On the other hand, we denounce with righteous indication and dislike men who are so beguiled and<\/p>\n                                        <div class=\"box-footer disable_hover_button\">\n                    <div class=\"btn-wraper\">\n                                                            <a href=\"#\" target=\"_self\" rel=\"\" class=\"elementskit-btn whitespace--normal elementor-animation-\">\n                                        Read More                                    <\/a>\n                                                        <\/div>\n                <\/div>\n                    <\/div>\n        \n        \n                <\/div>\n        <\/div>\t\t<\/div>\n\t\t\t\t<\/div>\n\t\t\t\t\t<\/div>\n\t\t<\/div>\n\t\t\t\t<div class=\"elementor-column elementor-col-33 elementor-inner-column elementor-element elementor-element-a2d0f7f\" data-id=\"a2d0f7f\" data-element_type=\"column\">\n\t\t\t<div class=\"elementor-widget-wrap elementor-element-populated\">\n\t\t\t\t\t\t\t\t<div class=\"elementor-element elementor-element-634b077 ekit-equal-height-disable elementor-widget elementor-widget-elementskit-icon-box\" data-id=\"634b077\" data-element_type=\"widget\" data-widget_type=\"elementskit-icon-box.default\">\n\t\t\t\t<div class=\"elementor-widget-container\">\n\t\t\t<div class=\"ekit-wid-con\" >        <!-- link opening -->\n                <!-- end link opening -->\n\n        <div class=\"elementskit-infobox text-center text- icon-top-align elementor-animation-   \">\n                    <div class=\"elementskit-box-header elementor-animation-\">\n                <div class=\"elementskit-info-box-icon  \">\n                    <i aria-hidden=\"true\" class=\"elementkit-infobox-icon icon icon-deal\"><\/i>\n                <\/div>\n          <\/div>\n                        <div class=\"box-body\">\n                            <h3 class=\"elementskit-info-box-title\">\n                    Project manage                <\/h3>\n                        \t\t  <p>On the other hand, we denounce with righteous indication and dislike men who are so beguiled and<\/p>\n                                        <div class=\"box-footer disable_hover_button\">\n                    <div class=\"btn-wraper\">\n                                                            <a href=\"#\" target=\"_self\" rel=\"\" class=\"elementskit-btn whitespace--normal elementor-animation-\">\n                                        Read More                                    <\/a>\n                                                        <\/div>\n                <\/div>\n                    <\/div>\n        \n        \n                <\/div>\n        <\/div>\t\t<\/div>\n\t\t\t\t<\/div>\n\t\t\t\t\t<\/div>\n\t\t<\/div>\n\t\t\t\t<div class=\"elementor-column elementor-col-33 elementor-inner-column elementor-element elementor-element-e8207e5\" data-id=\"e8207e5\" data-element_type=\"column\">\n\t\t\t<div class=\"elementor-widget-wrap elementor-element-populated\">\n\t\t\t\t\t\t\t\t<div class=\"elementor-element elementor-element-124f213 ekit-equal-height-disable elementor-widget elementor-widget-elementskit-icon-box\" data-id=\"124f213\" data-element_type=\"widget\" data-widget_type=\"elementskit-icon-box.default\">\n\t\t\t\t<div class=\"elementor-widget-container\">\n\t\t\t<div class=\"ekit-wid-con\" >        <!-- link opening -->\n                <!-- end link opening -->\n\n        <div class=\"elementskit-infobox text-center text- icon-top-align elementor-animation-   \">\n                    <div class=\"elementskit-box-header elementor-animation-\">\n                <div class=\"elementskit-info-box-icon  \">\n                    <i aria-hidden=\"true\" class=\"elementkit-infobox-icon icon icon-coins-1\"><\/i>\n                <\/div>\n          <\/div>\n                        <div class=\"box-body\">\n                            <h3 class=\"elementskit-info-box-title\">\n                    analysis Review                <\/h3>\n                        \t\t  <p>On the other hand, we denounce with righteous indication and dislike men who are so beguiled and<\/p>\n                                        <div class=\"box-footer disable_hover_button\">\n                    <div class=\"btn-wraper\">\n                                                            <a href=\"#\" target=\"_self\" rel=\"\" class=\"elementskit-btn whitespace--normal elementor-animation-\">\n                                        Read More                                    <\/a>\n                                                        <\/div>\n                <\/div>\n                    <\/div>\n        \n        \n                <\/div>\n        <\/div>\t\t<\/div>\n\t\t\t\t<\/div>\n\t\t\t\t\t<\/div>\n\t\t<\/div>\n\t\t\t\t\t\t\t<\/div>\n\t\t<\/section>\n\t\t\t\t\t<\/div>\n\t\t<\/div>\n\t\t\t\t\t\t\t<\/div>\n\t\t<\/section>\n\t\t\t\t<section class=\"elementor-section elementor-top-section elementor-element elementor-element-300aaed elementor-section-boxed elementor-section-height-default elementor-section-height-default\" data-id=\"300aaed\" data-element_type=\"section\">\n\t\t\t\t\t\t<div class=\"elementor-container elementor-column-gap-default\">\n\t\t\t\t\t<div class=\"elementor-column elementor-col-100 elementor-top-column elementor-element elementor-element-7eae121\" data-id=\"7eae121\" data-element_type=\"column\">\n\t\t\t<div class=\"elementor-widget-wrap\">\n\t\t\t\t\t\t\t\t\t<\/div>\n\t\t<\/div>\n\t\t\t\t\t\t\t<\/div>\n\t\t<\/section>\n\t\t\t\t<section class=\"elementor-section elementor-top-section elementor-element elementor-element-7e72dd7 elementor-section-boxed elementor-section-height-default elementor-section-height-default\" data-id=\"7e72dd7\" data-element_type=\"section\" data-settings=\"{&quot;background_background&quot;:&quot;classic&quot;}\">\n\t\t\t\t\t\t<div class=\"elementor-container elementor-column-gap-default\">\n\t\t\t\t\t<div class=\"elementor-column elementor-col-100 elementor-top-column elementor-element elementor-element-bde9f79\" data-id=\"bde9f79\" data-element_type=\"column\">\n\t\t\t<div class=\"elementor-widget-wrap\">\n\t\t\t\t\t\t\t\t\t<\/div>\n\t\t<\/div>\n\t\t\t\t\t\t\t<\/div>\n\t\t<\/section>\n\t\t\t\t\t\t<\/div>\n\t\t\t\t\t<\/div>\n\t\t","protected":false},"excerpt":{"rendered":"<p>Nous avons plus de 25 ans d&rsquo;exp\u00e9rience en Informatique &amp; T\u00e9l\u00e9coms &#8211;\u00a0\u00a0IT solutions. Restez focalis\u00e9s sur v\u00f4tre m\u00e9tier, nos Experts Infrastructure et Syst\u00e8mes faciliteront v\u00f4tre Informatique. More Details Service our Service Advance Service On the other hand, we denounce with righteous indication and dislike men who are so beguiled and Read More Project manage On [&hellip;]<\/p>\n","protected":false},"author":1,"featured_media":0,"parent":0,"menu_order":0,"comment_status":"closed","ping_status":"closed","template":"blank-template.php","meta":{"footnotes":""},"class_list":["post-425","page","type-page","status-publish","hentry"],"yoast_head":"<!-- This site is optimized with the Yoast SEO plugin v22.8 - https:\/\/yoast.com\/wordpress\/plugins\/seo\/ -->\n<title>A propos - SyordLink<\/title>\n<meta name=\"robots\" content=\"index, follow, max-snippet:-1, max-image-preview:large, max-video-preview:-1\" \/>\n<link rel=\"canonical\" href=\"https:\/\/www.syordlink.com\/?page_id=425\" \/>\n<meta property=\"og:locale\" content=\"fr_FR\" \/>\n<meta property=\"og:type\" content=\"article\" \/>\n<meta property=\"og:title\" content=\"A propos - SyordLink\" \/>\n<meta property=\"og:description\" content=\"Nous avons plus de 25 ans d&rsquo;exp\u00e9rience en Informatique &amp; T\u00e9l\u00e9coms &#8211;\u00a0\u00a0IT solutions. Restez focalis\u00e9s sur v\u00f4tre m\u00e9tier, nos Experts Infrastructure et Syst\u00e8mes faciliteront v\u00f4tre Informatique. More Details Service our Service Advance Service On the other hand, we denounce with righteous indication and dislike men who are so beguiled and Read More Project manage On [&hellip;]\" \/>\n<meta property=\"og:url\" content=\"https:\/\/www.syordlink.com\/?page_id=425\" \/>\n<meta property=\"og:site_name\" content=\"SyordLink\" \/>\n<meta property=\"article:modified_time\" content=\"2021-12-01T21:05:43+00:00\" \/>\n<meta property=\"og:image\" content=\"http:\/\/test.syordlink.com\/wp-content\/uploads\/2020\/09\/about2.png\" \/>\n<meta name=\"twitter:card\" content=\"summary_large_image\" \/>\n<meta name=\"twitter:label1\" content=\"Dur\u00e9e de lecture estim\u00e9e\" \/>\n\t<meta name=\"twitter:data1\" content=\"1 minute\" \/>\n<script type=\"application\/ld+json\" class=\"yoast-schema-graph\">{\"@context\":\"https:\/\/schema.org\",\"@graph\":[{\"@type\":\"WebPage\",\"@id\":\"https:\/\/www.syordlink.com\/?page_id=425\",\"url\":\"https:\/\/www.syordlink.com\/?page_id=425\",\"name\":\"A propos - SyordLink\",\"isPartOf\":{\"@id\":\"https:\/\/www.syordlink.com\/#website\"},\"primaryImageOfPage\":{\"@id\":\"https:\/\/www.syordlink.com\/?page_id=425#primaryimage\"},\"image\":{\"@id\":\"https:\/\/www.syordlink.com\/?page_id=425#primaryimage\"},\"thumbnailUrl\":\"http:\/\/test.syordlink.com\/wp-content\/uploads\/2020\/09\/about2.png\",\"datePublished\":\"2020-10-01T17:28:14+00:00\",\"dateModified\":\"2021-12-01T21:05:43+00:00\",\"breadcrumb\":{\"@id\":\"https:\/\/www.syordlink.com\/?page_id=425#breadcrumb\"},\"inLanguage\":\"fr-FR\",\"potentialAction\":[{\"@type\":\"ReadAction\",\"target\":[\"https:\/\/www.syordlink.com\/?page_id=425\"]}]},{\"@type\":\"ImageObject\",\"inLanguage\":\"fr-FR\",\"@id\":\"https:\/\/www.syordlink.com\/?page_id=425#primaryimage\",\"url\":\"http:\/\/test.syordlink.com\/wp-content\/uploads\/2020\/09\/about2.png\",\"contentUrl\":\"http:\/\/test.syordlink.com\/wp-content\/uploads\/2020\/09\/about2.png\"},{\"@type\":\"BreadcrumbList\",\"@id\":\"https:\/\/www.syordlink.com\/?page_id=425#breadcrumb\",\"itemListElement\":[{\"@type\":\"ListItem\",\"position\":1,\"name\":\"Accueil\",\"item\":\"https:\/\/www.syordlink.com\/\"},{\"@type\":\"ListItem\",\"position\":2,\"name\":\"A propos\"}]},{\"@type\":\"WebSite\",\"@id\":\"https:\/\/www.syordlink.com\/#website\",\"url\":\"https:\/\/www.syordlink.com\/\",\"name\":\"SyordLink\",\"description\":\"IT Systems\",\"publisher\":{\"@id\":\"https:\/\/www.syordlink.com\/#organization\"},\"potentialAction\":[{\"@type\":\"SearchAction\",\"target\":{\"@type\":\"EntryPoint\",\"urlTemplate\":\"https:\/\/www.syordlink.com\/?s={search_term_string}\"},\"query-input\":\"required name=search_term_string\"}],\"inLanguage\":\"fr-FR\"},{\"@type\":\"Organization\",\"@id\":\"https:\/\/www.syordlink.com\/#organization\",\"name\":\"SyordLink\",\"url\":\"https:\/\/www.syordlink.com\/\",\"logo\":{\"@type\":\"ImageObject\",\"inLanguage\":\"fr-FR\",\"@id\":\"https:\/\/www.syordlink.com\/#\/schema\/logo\/image\/\",\"url\":\"https:\/\/www.syordlink.com\/wp-content\/uploads\/2021\/11\/logo.png\",\"contentUrl\":\"https:\/\/www.syordlink.com\/wp-content\/uploads\/2021\/11\/logo.png\",\"width\":159,\"height\":112,\"caption\":\"SyordLink\"},\"image\":{\"@id\":\"https:\/\/www.syordlink.com\/#\/schema\/logo\/image\/\"}}]}<\/script>\n<!-- \/ Yoast SEO plugin. -->","yoast_head_json":{"title":"A propos - SyordLink","robots":{"index":"index","follow":"follow","max-snippet":"max-snippet:-1","max-image-preview":"max-image-preview:large","max-video-preview":"max-video-preview:-1"},"canonical":"https:\/\/www.syordlink.com\/?page_id=425","og_locale":"fr_FR","og_type":"article","og_title":"A propos - SyordLink","og_description":"Nous avons plus de 25 ans d&rsquo;exp\u00e9rience en Informatique &amp; T\u00e9l\u00e9coms &#8211;\u00a0\u00a0IT solutions. Restez focalis\u00e9s sur v\u00f4tre m\u00e9tier, nos Experts Infrastructure et Syst\u00e8mes faciliteront v\u00f4tre Informatique. More Details Service our Service Advance Service On the other hand, we denounce with righteous indication and dislike men who are so beguiled and Read More Project manage On [&hellip;]","og_url":"https:\/\/www.syordlink.com\/?page_id=425","og_site_name":"SyordLink","article_modified_time":"2021-12-01T21:05:43+00:00","og_image":[{"url":"http:\/\/test.syordlink.com\/wp-content\/uploads\/2020\/09\/about2.png"}],"twitter_card":"summary_large_image","twitter_misc":{"Dur\u00e9e de lecture estim\u00e9e":"1 minute"},"schema":{"@context":"https:\/\/schema.org","@graph":[{"@type":"WebPage","@id":"https:\/\/www.syordlink.com\/?page_id=425","url":"https:\/\/www.syordlink.com\/?page_id=425","name":"A propos - SyordLink","isPartOf":{"@id":"https:\/\/www.syordlink.com\/#website"},"primaryImageOfPage":{"@id":"https:\/\/www.syordlink.com\/?page_id=425#primaryimage"},"image":{"@id":"https:\/\/www.syordlink.com\/?page_id=425#primaryimage"},"thumbnailUrl":"http:\/\/test.syordlink.com\/wp-content\/uploads\/2020\/09\/about2.png","datePublished":"2020-10-01T17:28:14+00:00","dateModified":"2021-12-01T21:05:43+00:00","breadcrumb":{"@id":"https:\/\/www.syordlink.com\/?page_id=425#breadcrumb"},"inLanguage":"fr-FR","potentialAction":[{"@type":"ReadAction","target":["https:\/\/www.syordlink.com\/?page_id=425"]}]},{"@type":"ImageObject","inLanguage":"fr-FR","@id":"https:\/\/www.syordlink.com\/?page_id=425#primaryimage","url":"http:\/\/test.syordlink.com\/wp-content\/uploads\/2020\/09\/about2.png","contentUrl":"http:\/\/test.syordlink.com\/wp-content\/uploads\/2020\/09\/about2.png"},{"@type":"BreadcrumbList","@id":"https:\/\/www.syordlink.com\/?page_id=425#breadcrumb","itemListElement":[{"@type":"ListItem","position":1,"name":"Accueil","item":"https:\/\/www.syordlink.com\/"},{"@type":"ListItem","position":2,"name":"A propos"}]},{"@type":"WebSite","@id":"https:\/\/www.syordlink.com\/#website","url":"https:\/\/www.syordlink.com\/","name":"SyordLink","description":"IT Systems","publisher":{"@id":"https:\/\/www.syordlink.com\/#organization"},"potentialAction":[{"@type":"SearchAction","target":{"@type":"EntryPoint","urlTemplate":"https:\/\/www.syordlink.com\/?s={search_term_string}"},"query-input":"required name=search_term_string"}],"inLanguage":"fr-FR"},{"@type":"Organization","@id":"https:\/\/www.syordlink.com\/#organization","name":"SyordLink","url":"https:\/\/www.syordlink.com\/","logo":{"@type":"ImageObject","inLanguage":"fr-FR","@id":"https:\/\/www.syordlink.com\/#\/schema\/logo\/image\/","url":"https:\/\/www.syordlink.com\/wp-content\/uploads\/2021\/11\/logo.png","contentUrl":"https:\/\/www.syordlink.com\/wp-content\/uploads\/2021\/11\/logo.png","width":159,"height":112,"caption":"SyordLink"},"image":{"@id":"https:\/\/www.syordlink.com\/#\/schema\/logo\/image\/"}}]}},"_links":{"self":[{"href":"https:\/\/www.syordlink.com\/index.php?rest_route=\/wp\/v2\/pages\/425","targetHints":{"allow":["GET"]}}],"collection":[{"href":"https:\/\/www.syordlink.com\/index.php?rest_route=\/wp\/v2\/pages"}],"about":[{"href":"https:\/\/www.syordlink.com\/index.php?rest_route=\/wp\/v2\/types\/page"}],"author":[{"embeddable":true,"href":"https:\/\/www.syordlink.com\/index.php?rest_route=\/wp\/v2\/users\/1"}],"replies":[{"embeddable":true,"href":"https:\/\/www.syordlink.com\/index.php?rest_route=%2Fwp%2Fv2%2Fcomments&post=425"}],"version-history":[{"count":20,"href":"https:\/\/www.syordlink.com\/index.php?rest_route=\/wp\/v2\/pages\/425\/revisions"}],"predecessor-version":[{"id":2755,"href":"https:\/\/www.syordlink.com\/index.php?rest_route=\/wp\/v2\/pages\/425\/revisions\/2755"}],"wp:attachment":[{"href":"https:\/\/www.syordlink.com\/index.php?rest_route=%2Fwp%2Fv2%2Fmedia&parent=425"}],"curies":[{"name":"wp","href":"https:\/\/api.w.org\/{rel}","templated":true}]}}