{"id":762,"date":"2020-10-02T19:46:23","date_gmt":"2020-10-02T17:46:23","guid":{"rendered":"http:\/\/wptf.themepul.com\/devity\/?page_id=762"},"modified":"2024-06-15T10:29:47","modified_gmt":"2024-06-15T08:29:47","slug":"nous-contacter","status":"publish","type":"page","link":"https:\/\/www.syordlink.com\/?page_id=762","title":{"rendered":"Contact"},"content":{"rendered":"\t\t<div data-elementor-type=\"wp-page\" data-elementor-id=\"762\" class=\"elementor elementor-762\" data-elementor-settings=\"[]\">\n\t\t\t\t\t\t\t<div class=\"elementor-section-wrap\">\n\t\t\t\t\t\t\t<section class=\"elementor-section elementor-top-section elementor-element elementor-element-41543ed elementor-section-content-middle elementor-section-boxed elementor-section-height-default elementor-section-height-default\" data-id=\"41543ed\" data-element_type=\"section\">\n\t\t\t\t\t\t<div class=\"elementor-container elementor-column-gap-default\">\n\t\t\t\t\t<div class=\"elementor-column elementor-col-33 elementor-top-column elementor-element elementor-element-da8c0f4\" data-id=\"da8c0f4\" data-element_type=\"column\">\n\t\t\t<div class=\"elementor-widget-wrap elementor-element-populated\">\n\t\t\t\t\t\t\t\t<div class=\"elementor-element elementor-element-4309bdb elementor-widget elementor-widget-image\" data-id=\"4309bdb\" data-element_type=\"widget\" data-widget_type=\"image.default\">\n\t\t\t\t<div class=\"elementor-widget-container\">\n\t\t\t<style>\/*! elementor - v3.5.6 - 28-02-2022 *\/\n.elementor-widget-image{text-align:center}.elementor-widget-image a{display:inline-block}.elementor-widget-image a img[src$=\".svg\"]{width:48px}.elementor-widget-image img{vertical-align:middle;display:inline-block}<\/style>\t\t\t\t\t\t\t\t\t\t\t\t<img loading=\"lazy\" decoding=\"async\" width=\"640\" height=\"397\" src=\"https:\/\/www.syordlink.com\/wp-content\/uploads\/2024\/05\/cropped-cropped-cropped-logo-noir.png\" class=\"attachment-large size-large\" alt=\"\" srcset=\"https:\/\/www.syordlink.com\/wp-content\/uploads\/2024\/05\/cropped-cropped-cropped-logo-noir.png 1000w, https:\/\/www.syordlink.com\/wp-content\/uploads\/2024\/05\/cropped-cropped-cropped-logo-noir-300x186.png 300w, https:\/\/www.syordlink.com\/wp-content\/uploads\/2024\/05\/cropped-cropped-cropped-logo-noir-768x476.png 768w\" sizes=\"auto, (max-width: 640px) 100vw, 640px\" \/>\t\t\t\t\t\t\t\t\t\t\t\t\t\t\t<\/div>\n\t\t\t\t<\/div>\n\t\t\t\t\t<\/div>\n\t\t<\/div>\n\t\t\t\t<div class=\"elementor-column elementor-col-33 elementor-top-column elementor-element elementor-element-9758121\" data-id=\"9758121\" data-element_type=\"column\">\n\t\t\t<div class=\"elementor-widget-wrap elementor-element-populated\">\n\t\t\t\t\t\t\t\t<div class=\"elementor-element elementor-element-e75a426 elementor-widget elementor-widget-ekit-nav-menu\" data-id=\"e75a426\" data-element_type=\"widget\" data-widget_type=\"ekit-nav-menu.default\">\n\t\t\t\t<div class=\"elementor-widget-container\">\n\t\t\t<div class=\"ekit-wid-con ekit_menu_responsive_tablet\" data-hamburger-icon=\"\" data-hamburger-icon-type=\"icon\" data-responsive-breakpoint=\"1024\">            <button class=\"elementskit-menu-hamburger elementskit-menu-toggler\"  type=\"button\" aria-label=\"hamburger-icon\">\n                                    <span class=\"elementskit-menu-hamburger-icon\"><\/span><span class=\"elementskit-menu-hamburger-icon\"><\/span><span class=\"elementskit-menu-hamburger-icon\"><\/span>\n                            <\/button>\n            <div id=\"ekit-megamenu-menu-principal\" class=\"elementskit-menu-container elementskit-menu-offcanvas-elements elementskit-navbar-nav-default ekit-nav-menu-one-page-no ekit-nav-dropdown-hover\"><ul id=\"menu-menu-principal\" class=\"elementskit-navbar-nav elementskit-menu-po-center submenu-click-on-icon\"><li id=\"menu-item-3648\" class=\"menu-item menu-item-type-post_type menu-item-object-page menu-item-3648 nav-item elementskit-mobile-builder-content\" data-vertical-menu=750px><a href=\"https:\/\/www.syordlink.com\/?page_id=724\" class=\"ekit-menu-nav-link\">Infog\u00e9rance<\/a><\/li>\n<li id=\"menu-item-3653\" class=\"menu-item menu-item-type-post_type menu-item-object-page menu-item-3653 nav-item elementskit-mobile-builder-content\" data-vertical-menu=750px><a href=\"https:\/\/www.syordlink.com\/?page_id=2466\" class=\"ekit-menu-nav-link\">Services h\u00e9berg\u00e9s<\/a><\/li>\n<li id=\"menu-item-3652\" class=\"menu-item menu-item-type-post_type menu-item-object-page menu-item-3652 nav-item elementskit-mobile-builder-content\" data-vertical-menu=750px><a href=\"https:\/\/www.syordlink.com\/?page_id=2471\" class=\"ekit-menu-nav-link\">Cybers\u00e9curit\u00e9<\/a><\/li>\n<li id=\"menu-item-3651\" class=\"menu-item menu-item-type-post_type menu-item-object-page menu-item-3651 nav-item elementskit-mobile-builder-content\" data-vertical-menu=750px><a href=\"https:\/\/www.syordlink.com\/?page_id=2476\" class=\"ekit-menu-nav-link\">R\u00e9seau<\/a><\/li>\n<li id=\"menu-item-3649\" class=\"menu-item menu-item-type-post_type menu-item-object-page menu-item-3649 nav-item elementskit-mobile-builder-content\" data-vertical-menu=750px><a href=\"https:\/\/www.syordlink.com\/?page_id=2486\" class=\"ekit-menu-nav-link\">T\u00e9l\u00e9com (VoIP)<\/a><\/li>\n<li id=\"menu-item-3650\" class=\"menu-item menu-item-type-post_type menu-item-object-page menu-item-3650 nav-item elementskit-mobile-builder-content\" data-vertical-menu=750px><a href=\"https:\/\/www.syordlink.com\/?page_id=2481\" class=\"ekit-menu-nav-link\">Transformation digitale<\/a><\/li>\n<\/ul><div class=\"elementskit-nav-identity-panel\">\n\t\t\t\t<div class=\"elementskit-site-title\">\n\t\t\t\t\t<a class=\"elementskit-nav-logo\" href=\"https:\/\/www.syordlink.com\" target=\"_self\" rel=\"\">\n\t\t\t\t\t\t<img loading=\"lazy\" decoding=\"async\" width=\"1000\" height=\"620\" src=\"https:\/\/www.syordlink.com\/wp-content\/uploads\/2024\/05\/cropped-cropped-cropped-logo-noir.png\" class=\"attachment-full size-full\" alt=\"\" srcset=\"https:\/\/www.syordlink.com\/wp-content\/uploads\/2024\/05\/cropped-cropped-cropped-logo-noir.png 1000w, https:\/\/www.syordlink.com\/wp-content\/uploads\/2024\/05\/cropped-cropped-cropped-logo-noir-300x186.png 300w, https:\/\/www.syordlink.com\/wp-content\/uploads\/2024\/05\/cropped-cropped-cropped-logo-noir-768x476.png 768w\" sizes=\"auto, (max-width: 1000px) 100vw, 1000px\" \/>\n\t\t\t\t\t<\/a> \n\t\t\t\t<\/div><button class=\"elementskit-menu-close elementskit-menu-toggler\" type=\"button\">X<\/button><\/div><\/div>\t\t\t\n\t\t\t<div class=\"elementskit-menu-overlay elementskit-menu-offcanvas-elements elementskit-menu-toggler ekit-nav-menu--overlay\"><\/div><\/div>\t\t<\/div>\n\t\t\t\t<\/div>\n\t\t\t\t\t<\/div>\n\t\t<\/div>\n\t\t\t\t<div class=\"elementor-column elementor-col-33 elementor-top-column elementor-element elementor-element-e7dc9b2\" data-id=\"e7dc9b2\" data-element_type=\"column\">\n\t\t\t<div class=\"elementor-widget-wrap elementor-element-populated\">\n\t\t\t\t\t\t\t\t<div class=\"elementor-element elementor-element-182b723 elementor-align-left elementor-tablet-align-left elementor-widget elementor-widget-button\" data-id=\"182b723\" data-element_type=\"widget\" data-widget_type=\"button.default\">\n\t\t\t\t<div class=\"elementor-widget-container\">\n\t\t\t\t\t<div class=\"elementor-button-wrapper\">\n\t\t\t<a href=\"https:\/\/www.syordlink.com\/?page_id=762\" target=\"_blank\" class=\"elementor-button-link elementor-button elementor-size-md\" role=\"button\">\n\t\t\t\t\t\t<span class=\"elementor-button-content-wrapper\">\n\t\t\t\t\t\t<span class=\"elementor-button-text\">Contact<\/span>\n\t\t<\/span>\n\t\t\t\t\t<\/a>\n\t\t<\/div>\n\t\t\t\t<\/div>\n\t\t\t\t<\/div>\n\t\t\t\t\t<\/div>\n\t\t<\/div>\n\t\t\t\t\t\t\t<\/div>\n\t\t<\/section>\n\t\t\t\t<section class=\"elementor-section elementor-top-section elementor-element elementor-element-bbfb2c4 elementor-section-boxed elementor-section-height-default elementor-section-height-default\" data-id=\"bbfb2c4\" data-element_type=\"section\">\n\t\t\t\t\t\t<div class=\"elementor-container elementor-column-gap-extended\">\n\t\t\t\t\t<div class=\"elementor-column elementor-col-50 elementor-top-column elementor-element elementor-element-b34a21e\" data-id=\"b34a21e\" data-element_type=\"column\">\n\t\t\t<div class=\"elementor-widget-wrap elementor-element-populated\">\n\t\t\t\t\t\t\t\t<div class=\"elementor-element elementor-element-ff4934e elementor-widget elementor-widget-devity-contact-info\" data-id=\"ff4934e\" data-element_type=\"widget\" data-widget_type=\"devity-contact-info.default\">\n\t\t\t\t<div class=\"elementor-widget-container\">\n\t\t\t\t\t<div class=\"contact-info-box\">\r\n\t\t\t<div class=\"contact-info-item\">\r\n\t\t\t\t<div class=\"contact-list\">\r\n\t\t\t\t\t<div class=\"cinfo-top\">\r\n\t\t\t\t\t\t<div class=\"cinfo-icon\"><i class=\"icon icon-map-marker1\"><\/i><\/div>\r\n\t\t\t\t\t\t<div class=\"cinfo-title\">\r\n\t\t\t\t\t\t\t<h2>Adresse<\/h2>\r\n\t\t\t\t\t\t<\/div>\r\n\t\t\t\t\t\t<div class=\"cinfo-dec\">\r\n\t\t\t\t\t\t\t2 rue du  bois de Saint Paul, \nZAC Les Champs Chouette,\n27600 Saint-Aubin-sur-Gaillon\n\t\t\t\t\t\t<\/div>\r\n\t\t\t\t\t<\/div>\r\n\t\t\t\t<\/div>\r\n\t\t\t\t<div class=\"contact-list\">\r\n\t\t\t\t\t<div class=\"cinfo-top\">\r\n\t\t\t\t\t\t<div class=\"cinfo-icon\"><i class=\"icon icon-phone1\"><\/i><\/div>\r\n\t\t\t\t\t\t<div class=\"cinfo-title\">\r\n\t\t\t\t\t\t\t<h2>T\u00e9l\u00e9phone<\/h2>\r\n\t\t\t\t\t\t<\/div>\r\n\t\t\t\t\t\t<div class=\"cinfo-dec\">\r\n\t\t\t\t\t\t\t<ul>\n<li>+33 (0)2 79 04 00 01<\/li>\n<\/ul>\n\t\t\t\t\t\t<\/div>\r\n\t\t\t\t\t<\/div>\r\n\t\t\t\t<\/div>\r\n\t\t\t\t<div class=\"contact-list\">\r\n\t\t\t\t\t<div class=\"cinfo-top\">\r\n\t\t\t\t\t\t<div class=\"cinfo-icon\"><i class=\"icon icon-message-2\"><\/i><\/div>\r\n\t\t\t\t\t\t<div class=\"cinfo-title\">\r\n\t\t\t\t\t\t\t<h2>Email<\/h2>\r\n\t\t\t\t\t\t<\/div>\r\n\t\t\t\t\t\t<div class=\"cinfo-dec\">\r\n\t\t\t\t\t\t\t<ul>\n<li>contact@syordlink.com<\/li>\n<\/ul>\n\t\t\t\t\t\t<\/div>\r\n\t\t\t\t\t<\/div>\r\n\t\t\t\t<\/div>\r\n\t\t\t<\/div>\r\n\t\t<\/div>\r\n\t\t\t\t<\/div>\n\t\t\t\t<\/div>\n\t\t\t\t<div class=\"elementor-element elementor-element-f68bdc2 elementor-widget elementor-widget-google_maps\" data-id=\"f68bdc2\" data-element_type=\"widget\" data-widget_type=\"google_maps.default\">\n\t\t\t\t<div class=\"elementor-widget-container\">\n\t\t\t<style>\/*! elementor - v3.5.6 - 28-02-2022 *\/\n.elementor-widget-google_maps .elementor-widget-container{overflow:hidden}.elementor-widget-google_maps iframe{height:300px}<\/style>\t\t<div class=\"elementor-custom-embed\">\n\t\t\t<iframe frameborder=\"0\" scrolling=\"no\" marginheight=\"0\" marginwidth=\"0\"\n\t\t\t\t\tsrc=\"https:\/\/www.google.com\/maps\/embed\/v1\/place?key=AIzaSyCu6NH2igpR_1_WO8WdS6pkhxvnnlLXCIE&#038;q=1%20bois%20Saint%20Paul%20ZAC%20Les%20champs%20Chouette%2027600%20Saint-Aubin-sur-gaillon&#038;zoom=10\"\n\t\t\t\t\ttitle=\"1 bois Saint Paul ZAC Les champs Chouette 27600 Saint-Aubin-sur-gaillon\"\n\t\t\t\t\taria-label=\"1 bois Saint Paul ZAC Les champs Chouette 27600 Saint-Aubin-sur-gaillon\"\n\t\t\t><\/iframe>\n\t\t<\/div>\n\t\t\t\t<\/div>\n\t\t\t\t<\/div>\n\t\t\t\t\t<\/div>\n\t\t<\/div>\n\t\t\t\t<div class=\"elementor-column elementor-col-50 elementor-top-column elementor-element elementor-element-ed3bd02\" data-id=\"ed3bd02\" data-element_type=\"column\" data-settings=\"{&quot;background_background&quot;:&quot;classic&quot;}\">\n\t\t\t<div class=\"elementor-widget-wrap elementor-element-populated\">\n\t\t\t\t\t\t\t\t<div class=\"elementor-element elementor-element-814e4db elementor-widget elementor-widget-heading\" data-id=\"814e4db\" data-element_type=\"widget\" data-widget_type=\"heading.default\">\n\t\t\t\t<div class=\"elementor-widget-container\">\n\t\t\t<style>\/*! elementor - v3.5.6 - 28-02-2022 *\/\n.elementor-heading-title{padding:0;margin:0;line-height:1}.elementor-widget-heading .elementor-heading-title[class*=elementor-size-]>a{color:inherit;font-size:inherit;line-height:inherit}.elementor-widget-heading .elementor-heading-title.elementor-size-small{font-size:15px}.elementor-widget-heading .elementor-heading-title.elementor-size-medium{font-size:19px}.elementor-widget-heading .elementor-heading-title.elementor-size-large{font-size:29px}.elementor-widget-heading .elementor-heading-title.elementor-size-xl{font-size:39px}.elementor-widget-heading .elementor-heading-title.elementor-size-xxl{font-size:59px}<\/style><h3 class=\"elementor-heading-title elementor-size-default\">Contactez-nous<\/h3>\t\t<\/div>\n\t\t\t\t<\/div>\n\t\t\t\t<div class=\"elementor-element elementor-element-a40983f elementor-widget elementor-widget-elementskit-contact-form7\" data-id=\"a40983f\" data-element_type=\"widget\" data-widget_type=\"elementskit-contact-form7.default\">\n\t\t\t\t<div class=\"elementor-widget-container\">\n\t\t\t<div class=\"ekit-wid-con\" ><div class=\"ekit-form\">\n<div class=\"wpcf7 no-js\" id=\"wpcf7-f3125-o1\" lang=\"fr-FR\" dir=\"ltr\">\n<div class=\"screen-reader-response\"><p role=\"status\" aria-live=\"polite\" aria-atomic=\"true\"><\/p> <ul><\/ul><\/div>\n<form action=\"\/index.php?rest_route=%2Fwp%2Fv2%2Fpages%2F762#wpcf7-f3125-o1\" method=\"post\" class=\"wpcf7-form init\" aria-label=\"Formulaire de contact\" novalidate=\"novalidate\" data-status=\"init\">\n<div style=\"display: none;\">\n<input type=\"hidden\" name=\"_wpcf7\" value=\"3125\" \/>\n<input type=\"hidden\" name=\"_wpcf7_version\" value=\"5.7.7\" \/>\n<input type=\"hidden\" name=\"_wpcf7_locale\" value=\"fr_FR\" \/>\n<input type=\"hidden\" name=\"_wpcf7_unit_tag\" value=\"wpcf7-f3125-o1\" \/>\n<input type=\"hidden\" name=\"_wpcf7_container_post\" value=\"0\" \/>\n<input type=\"hidden\" name=\"_wpcf7_posted_data_hash\" value=\"\" \/>\n<input type=\"hidden\" name=\"_wpcf7_recaptcha_response\" value=\"\" \/>\n<\/div>\n<p><label> Votre nom<br \/>\n<span class=\"wpcf7-form-control-wrap\" data-name=\"your-name\"><input size=\"40\" class=\"wpcf7-form-control wpcf7-text wpcf7-validates-as-required\" autocomplete=\"name\" aria-required=\"true\" aria-invalid=\"false\" value=\"\" type=\"text\" name=\"your-name\" \/><\/span> <\/label>\n<\/p>\n<p><label> Votre e-mail<br \/>\n<span class=\"wpcf7-form-control-wrap\" data-name=\"your-email\"><input size=\"40\" class=\"wpcf7-form-control wpcf7-text wpcf7-email wpcf7-validates-as-required wpcf7-validates-as-email\" autocomplete=\"email\" aria-required=\"true\" aria-invalid=\"false\" value=\"\" type=\"email\" name=\"your-email\" \/><\/span> <\/label>\n<\/p>\n<p><label> Objet<br \/>\n<span class=\"wpcf7-form-control-wrap\" data-name=\"your-subject\"><input size=\"40\" class=\"wpcf7-form-control wpcf7-text wpcf7-validates-as-required\" aria-required=\"true\" aria-invalid=\"false\" value=\"\" type=\"text\" name=\"your-subject\" \/><\/span> <\/label>\n<\/p>\n<p><label> Votre message (facultatif)<br \/>\n<span class=\"wpcf7-form-control-wrap\" data-name=\"your-message\"><textarea cols=\"40\" rows=\"10\" class=\"wpcf7-form-control wpcf7-textarea\" aria-invalid=\"false\" name=\"your-message\"><\/textarea><\/span> <\/label>\n<\/p>\n<p><input class=\"wpcf7-form-control has-spinner wpcf7-submit\" type=\"submit\" value=\"Envoyer\" \/>\n<\/p><p style=\"display: none !important;\" class=\"akismet-fields-container\" data-prefix=\"_wpcf7_ak_\"><label>&#916;<textarea name=\"_wpcf7_ak_hp_textarea\" cols=\"45\" rows=\"8\" maxlength=\"100\"><\/textarea><\/label><input type=\"hidden\" id=\"ak_js_1\" name=\"_wpcf7_ak_js\" value=\"193\"\/><script>document.getElementById( \"ak_js_1\" ).setAttribute( \"value\", ( new Date() ).getTime() );<\/script><\/p><div class=\"wpcf7-response-output\" aria-hidden=\"true\"><\/div>\n<\/form>\n<\/div>\n<\/div><\/div>\t\t<\/div>\n\t\t\t\t<\/div>\n\t\t\t\t\t<\/div>\n\t\t<\/div>\n\t\t\t\t\t\t\t<\/div>\n\t\t<\/section>\n\t\t\t\t\t\t<\/div>\n\t\t\t\t\t<\/div>\n\t\t","protected":false},"excerpt":{"rendered":"<p>Infog\u00e9rance Services h\u00e9berg\u00e9s Cybers\u00e9curit\u00e9 R\u00e9seau T\u00e9l\u00e9com (VoIP) Transformation digitale X Contact Adresse 2 rue du bois de Saint Paul, ZAC Les Champs Chouette, 27600 Saint-Aubin-sur-Gaillon T\u00e9l\u00e9phone +33 (0)2 79 04 00 01 Email contact@syordlink.com Contactez-nous Votre nom Votre e-mail Objet Votre message (facultatif) &#916;<\/p>\n","protected":false},"author":1,"featured_media":0,"parent":0,"menu_order":0,"comment_status":"closed","ping_status":"closed","template":"elementor_canvas","meta":{"footnotes":""},"class_list":["post-762","page","type-page","status-publish","hentry"],"yoast_head":"<!-- This site is optimized with the Yoast SEO plugin v22.8 - https:\/\/yoast.com\/wordpress\/plugins\/seo\/ -->\n<title>Contact - SyordLink<\/title>\n<meta name=\"robots\" content=\"index, follow, max-snippet:-1, max-image-preview:large, max-video-preview:-1\" \/>\n<link rel=\"canonical\" href=\"https:\/\/www.syordlink.com\/?page_id=762\" \/>\n<meta property=\"og:locale\" content=\"fr_FR\" \/>\n<meta property=\"og:type\" content=\"article\" \/>\n<meta property=\"og:title\" content=\"Contact - SyordLink\" \/>\n<meta property=\"og:description\" content=\"Infog\u00e9rance Services h\u00e9berg\u00e9s Cybers\u00e9curit\u00e9 R\u00e9seau T\u00e9l\u00e9com (VoIP) Transformation digitale X Contact Adresse 2 rue du bois de Saint Paul, ZAC Les Champs Chouette, 27600 Saint-Aubin-sur-Gaillon T\u00e9l\u00e9phone +33 (0)2 79 04 00 01 Email contact@syordlink.com Contactez-nous Votre nom Votre e-mail Objet Votre message (facultatif) &#916;\" \/>\n<meta property=\"og:url\" content=\"https:\/\/www.syordlink.com\/?page_id=762\" \/>\n<meta property=\"og:site_name\" content=\"SyordLink\" \/>\n<meta property=\"article:modified_time\" content=\"2024-06-15T08:29:47+00:00\" \/>\n<meta property=\"og:image\" content=\"http:\/\/www.syordlink.com\/wp-content\/uploads\/2024\/05\/cropped-cropped-cropped-logo-noir.png\" \/>\n<meta name=\"twitter:card\" content=\"summary_large_image\" \/>\n<meta name=\"twitter:label1\" content=\"Dur\u00e9e de lecture estim\u00e9e\" \/>\n\t<meta name=\"twitter:data1\" content=\"1 minute\" \/>\n<script type=\"application\/ld+json\" class=\"yoast-schema-graph\">{\"@context\":\"https:\/\/schema.org\",\"@graph\":[{\"@type\":\"WebPage\",\"@id\":\"https:\/\/www.syordlink.com\/?page_id=762\",\"url\":\"https:\/\/www.syordlink.com\/?page_id=762\",\"name\":\"Contact - SyordLink\",\"isPartOf\":{\"@id\":\"https:\/\/www.syordlink.com\/#website\"},\"primaryImageOfPage\":{\"@id\":\"https:\/\/www.syordlink.com\/?page_id=762#primaryimage\"},\"image\":{\"@id\":\"https:\/\/www.syordlink.com\/?page_id=762#primaryimage\"},\"thumbnailUrl\":\"http:\/\/www.syordlink.com\/wp-content\/uploads\/2024\/05\/cropped-cropped-cropped-logo-noir.png\",\"datePublished\":\"2020-10-02T17:46:23+00:00\",\"dateModified\":\"2024-06-15T08:29:47+00:00\",\"breadcrumb\":{\"@id\":\"https:\/\/www.syordlink.com\/?page_id=762#breadcrumb\"},\"inLanguage\":\"fr-FR\",\"potentialAction\":[{\"@type\":\"ReadAction\",\"target\":[\"https:\/\/www.syordlink.com\/?page_id=762\"]}]},{\"@type\":\"ImageObject\",\"inLanguage\":\"fr-FR\",\"@id\":\"https:\/\/www.syordlink.com\/?page_id=762#primaryimage\",\"url\":\"https:\/\/www.syordlink.com\/wp-content\/uploads\/2024\/05\/cropped-cropped-cropped-logo-noir.png\",\"contentUrl\":\"https:\/\/www.syordlink.com\/wp-content\/uploads\/2024\/05\/cropped-cropped-cropped-logo-noir.png\",\"width\":1000,\"height\":620},{\"@type\":\"BreadcrumbList\",\"@id\":\"https:\/\/www.syordlink.com\/?page_id=762#breadcrumb\",\"itemListElement\":[{\"@type\":\"ListItem\",\"position\":1,\"name\":\"Accueil\",\"item\":\"https:\/\/www.syordlink.com\/\"},{\"@type\":\"ListItem\",\"position\":2,\"name\":\"Contact\"}]},{\"@type\":\"WebSite\",\"@id\":\"https:\/\/www.syordlink.com\/#website\",\"url\":\"https:\/\/www.syordlink.com\/\",\"name\":\"SyordLink\",\"description\":\"IT Systems\",\"publisher\":{\"@id\":\"https:\/\/www.syordlink.com\/#organization\"},\"potentialAction\":[{\"@type\":\"SearchAction\",\"target\":{\"@type\":\"EntryPoint\",\"urlTemplate\":\"https:\/\/www.syordlink.com\/?s={search_term_string}\"},\"query-input\":\"required name=search_term_string\"}],\"inLanguage\":\"fr-FR\"},{\"@type\":\"Organization\",\"@id\":\"https:\/\/www.syordlink.com\/#organization\",\"name\":\"SyordLink\",\"url\":\"https:\/\/www.syordlink.com\/\",\"logo\":{\"@type\":\"ImageObject\",\"inLanguage\":\"fr-FR\",\"@id\":\"https:\/\/www.syordlink.com\/#\/schema\/logo\/image\/\",\"url\":\"https:\/\/www.syordlink.com\/wp-content\/uploads\/2021\/11\/logo.png\",\"contentUrl\":\"https:\/\/www.syordlink.com\/wp-content\/uploads\/2021\/11\/logo.png\",\"width\":159,\"height\":112,\"caption\":\"SyordLink\"},\"image\":{\"@id\":\"https:\/\/www.syordlink.com\/#\/schema\/logo\/image\/\"}}]}<\/script>\n<!-- \/ Yoast SEO plugin. -->","yoast_head_json":{"title":"Contact - SyordLink","robots":{"index":"index","follow":"follow","max-snippet":"max-snippet:-1","max-image-preview":"max-image-preview:large","max-video-preview":"max-video-preview:-1"},"canonical":"https:\/\/www.syordlink.com\/?page_id=762","og_locale":"fr_FR","og_type":"article","og_title":"Contact - SyordLink","og_description":"Infog\u00e9rance Services h\u00e9berg\u00e9s Cybers\u00e9curit\u00e9 R\u00e9seau T\u00e9l\u00e9com (VoIP) Transformation digitale X Contact Adresse 2 rue du bois de Saint Paul, ZAC Les Champs Chouette, 27600 Saint-Aubin-sur-Gaillon T\u00e9l\u00e9phone +33 (0)2 79 04 00 01 Email contact@syordlink.com Contactez-nous Votre nom Votre e-mail Objet Votre message (facultatif) &#916;","og_url":"https:\/\/www.syordlink.com\/?page_id=762","og_site_name":"SyordLink","article_modified_time":"2024-06-15T08:29:47+00:00","og_image":[{"url":"http:\/\/www.syordlink.com\/wp-content\/uploads\/2024\/05\/cropped-cropped-cropped-logo-noir.png"}],"twitter_card":"summary_large_image","twitter_misc":{"Dur\u00e9e de lecture estim\u00e9e":"1 minute"},"schema":{"@context":"https:\/\/schema.org","@graph":[{"@type":"WebPage","@id":"https:\/\/www.syordlink.com\/?page_id=762","url":"https:\/\/www.syordlink.com\/?page_id=762","name":"Contact - SyordLink","isPartOf":{"@id":"https:\/\/www.syordlink.com\/#website"},"primaryImageOfPage":{"@id":"https:\/\/www.syordlink.com\/?page_id=762#primaryimage"},"image":{"@id":"https:\/\/www.syordlink.com\/?page_id=762#primaryimage"},"thumbnailUrl":"http:\/\/www.syordlink.com\/wp-content\/uploads\/2024\/05\/cropped-cropped-cropped-logo-noir.png","datePublished":"2020-10-02T17:46:23+00:00","dateModified":"2024-06-15T08:29:47+00:00","breadcrumb":{"@id":"https:\/\/www.syordlink.com\/?page_id=762#breadcrumb"},"inLanguage":"fr-FR","potentialAction":[{"@type":"ReadAction","target":["https:\/\/www.syordlink.com\/?page_id=762"]}]},{"@type":"ImageObject","inLanguage":"fr-FR","@id":"https:\/\/www.syordlink.com\/?page_id=762#primaryimage","url":"https:\/\/www.syordlink.com\/wp-content\/uploads\/2024\/05\/cropped-cropped-cropped-logo-noir.png","contentUrl":"https:\/\/www.syordlink.com\/wp-content\/uploads\/2024\/05\/cropped-cropped-cropped-logo-noir.png","width":1000,"height":620},{"@type":"BreadcrumbList","@id":"https:\/\/www.syordlink.com\/?page_id=762#breadcrumb","itemListElement":[{"@type":"ListItem","position":1,"name":"Accueil","item":"https:\/\/www.syordlink.com\/"},{"@type":"ListItem","position":2,"name":"Contact"}]},{"@type":"WebSite","@id":"https:\/\/www.syordlink.com\/#website","url":"https:\/\/www.syordlink.com\/","name":"SyordLink","description":"IT Systems","publisher":{"@id":"https:\/\/www.syordlink.com\/#organization"},"potentialAction":[{"@type":"SearchAction","target":{"@type":"EntryPoint","urlTemplate":"https:\/\/www.syordlink.com\/?s={search_term_string}"},"query-input":"required name=search_term_string"}],"inLanguage":"fr-FR"},{"@type":"Organization","@id":"https:\/\/www.syordlink.com\/#organization","name":"SyordLink","url":"https:\/\/www.syordlink.com\/","logo":{"@type":"ImageObject","inLanguage":"fr-FR","@id":"https:\/\/www.syordlink.com\/#\/schema\/logo\/image\/","url":"https:\/\/www.syordlink.com\/wp-content\/uploads\/2021\/11\/logo.png","contentUrl":"https:\/\/www.syordlink.com\/wp-content\/uploads\/2021\/11\/logo.png","width":159,"height":112,"caption":"SyordLink"},"image":{"@id":"https:\/\/www.syordlink.com\/#\/schema\/logo\/image\/"}}]}},"_links":{"self":[{"href":"https:\/\/www.syordlink.com\/index.php?rest_route=\/wp\/v2\/pages\/762","targetHints":{"allow":["GET"]}}],"collection":[{"href":"https:\/\/www.syordlink.com\/index.php?rest_route=\/wp\/v2\/pages"}],"about":[{"href":"https:\/\/www.syordlink.com\/index.php?rest_route=\/wp\/v2\/types\/page"}],"author":[{"embeddable":true,"href":"https:\/\/www.syordlink.com\/index.php?rest_route=\/wp\/v2\/users\/1"}],"replies":[{"embeddable":true,"href":"https:\/\/www.syordlink.com\/index.php?rest_route=%2Fwp%2Fv2%2Fcomments&post=762"}],"version-history":[{"count":31,"href":"https:\/\/www.syordlink.com\/index.php?rest_route=\/wp\/v2\/pages\/762\/revisions"}],"predecessor-version":[{"id":3779,"href":"https:\/\/www.syordlink.com\/index.php?rest_route=\/wp\/v2\/pages\/762\/revisions\/3779"}],"wp:attachment":[{"href":"https:\/\/www.syordlink.com\/index.php?rest_route=%2Fwp%2Fv2%2Fmedia&parent=762"}],"curies":[{"name":"wp","href":"https:\/\/api.w.org\/{rel}","templated":true}]}}